{"id":5013,"date":"2025-06-16T14:10:32","date_gmt":"2025-06-16T14:10:32","guid":{"rendered":"https:\/\/b-close.be\/product\/transpallet-manuel-b-close\/"},"modified":"2025-07-08T12:28:39","modified_gmt":"2025-07-08T12:28:39","slug":"transpallet-manuel-b-close","status":"publish","type":"product","link":"https:\/\/b-close.be\/fr\/product\/transpallet-manuel-b-close\/","title":{"rendered":"transpallet manuel B-CLOSE"},"content":{"rendered":"<p>Le nouveau transpalette manuel B-Close a \u00e9t\u00e9 d\u00e9velopp\u00e9 avec la technologie la plus moderne. Avec sa construction en acier hautement soud\u00e9 et sa peinture de haute qualit\u00e9 r\u00e9sistante aux rayures, ce transpalette manuel est con\u00e7u pour durer. Ce camion pompe est respectueux de l&rsquo;environnement, extr\u00eamement solide et tr\u00e8s pratique \u00e0 utiliser. Pour un fonctionnement en douceur et un entretien minimal, les pivots sont \u00e9quip\u00e9s de bagues autolubrifiantes et de goupilles galvanis\u00e9es. L&rsquo;essieu porteur et les larges roues directrices basses assurent un contact au sol minimal et une stabilit\u00e9 optimale. Le chariot est \u00e9quip\u00e9 de roues doubles pour une meilleure adh\u00e9rence.<\/p>\n","protected":false},"excerpt":{"rendered":"<p>Le <strong>nouveau transpalette manuel<\/strong>\u00a0Premium Line est d\u00e9velopp\u00e9 avec la technologie la plus r\u00e9cente. Avec sa construction en acier hautement soud\u00e9 et sa peinture de haute qualit\u00e9 r\u00e9sistante aux rayures, ce transpalette manuel est con\u00e7u pour durer.<\/p>\n","protected":false},"featured_media":6026,"template":"","meta":{"_acf_changed":false},"product_brand":[],"product_cat":[164],"product_tag":[],"class_list":{"0":"post-5013","1":"product","2":"type-product","3":"status-publish","4":"has-post-thumbnail","6":"product_cat-materiel-roulant","8":"first","9":"instock","10":"taxable","11":"shipping-taxable","12":"purchasable","13":"product-type-simple"},"acf":[],"_links":{"self":[{"href":"https:\/\/b-close.be\/fr\/wp-json\/wp\/v2\/product\/5013","targetHints":{"allow":["GET"]}}],"collection":[{"href":"https:\/\/b-close.be\/fr\/wp-json\/wp\/v2\/product"}],"about":[{"href":"https:\/\/b-close.be\/fr\/wp-json\/wp\/v2\/types\/product"}],"wp:featuredmedia":[{"embeddable":true,"href":"https:\/\/b-close.be\/fr\/wp-json\/wp\/v2\/media\/6026"}],"wp:attachment":[{"href":"https:\/\/b-close.be\/fr\/wp-json\/wp\/v2\/media?parent=5013"}],"wp:term":[{"taxonomy":"product_brand","embeddable":true,"href":"https:\/\/b-close.be\/fr\/wp-json\/wp\/v2\/product_brand?post=5013"},{"taxonomy":"product_cat","embeddable":true,"href":"https:\/\/b-close.be\/fr\/wp-json\/wp\/v2\/product_cat?post=5013"},{"taxonomy":"product_tag","embeddable":true,"href":"https:\/\/b-close.be\/fr\/wp-json\/wp\/v2\/product_tag?post=5013"}],"curies":[{"name":"wp","href":"https:\/\/api.w.org\/{rel}","templated":true}]}}