{"id":5009,"date":"2025-06-16T14:10:32","date_gmt":"2024-10-30T09:28:43","guid":{"rendered":"https:\/\/b-close.be\/product\/transpalette-a-ciseaux\/"},"modified":"2024-10-30T09:35:56","modified_gmt":"2024-10-30T09:35:56","slug":"transpalette-a-ciseaux","status":"publish","type":"product","link":"https:\/\/b-close.be\/fr\/product\/transpalette-a-ciseaux\/","title":{"rendered":"Transpalette \u00e0 ciseaux"},"content":{"rendered":"<p>\u00e9l\u00e9vateur \u00e0 ciseaux<\/p>\n","protected":false},"excerpt":{"rendered":"<p>\u00e9l\u00e9vateur \u00e0 ciseaux<\/p>\n","protected":false},"featured_media":6038,"template":"","meta":{"_acf_changed":false},"product_brand":[],"product_cat":[164],"product_tag":[],"class_list":{"0":"post-5009","1":"product","2":"type-product","3":"status-publish","4":"has-post-thumbnail","6":"product_cat-materiel-roulant","8":"first","9":"instock","10":"taxable","11":"shipping-taxable","12":"purchasable","13":"product-type-simple"},"acf":[],"_links":{"self":[{"href":"https:\/\/b-close.be\/fr\/wp-json\/wp\/v2\/product\/5009","targetHints":{"allow":["GET"]}}],"collection":[{"href":"https:\/\/b-close.be\/fr\/wp-json\/wp\/v2\/product"}],"about":[{"href":"https:\/\/b-close.be\/fr\/wp-json\/wp\/v2\/types\/product"}],"wp:featuredmedia":[{"embeddable":true,"href":"https:\/\/b-close.be\/fr\/wp-json\/wp\/v2\/media\/6038"}],"wp:attachment":[{"href":"https:\/\/b-close.be\/fr\/wp-json\/wp\/v2\/media?parent=5009"}],"wp:term":[{"taxonomy":"product_brand","embeddable":true,"href":"https:\/\/b-close.be\/fr\/wp-json\/wp\/v2\/product_brand?post=5009"},{"taxonomy":"product_cat","embeddable":true,"href":"https:\/\/b-close.be\/fr\/wp-json\/wp\/v2\/product_cat?post=5009"},{"taxonomy":"product_tag","embeddable":true,"href":"https:\/\/b-close.be\/fr\/wp-json\/wp\/v2\/product_tag?post=5009"}],"curies":[{"name":"wp","href":"https:\/\/api.w.org\/{rel}","templated":true}]}}